{"id":823,"date":"2018-03-04T20:34:34","date_gmt":"2018-03-04T19:34:34","guid":{"rendered":"https:\/\/black-eagles.euregiocountry.net\/?page_id=823"},"modified":"2018-05-03T20:15:03","modified_gmt":"2018-05-03T18:15:03","slug":"fotos-2018","status":"publish","type":"page","link":"https:\/\/www.hobocountry.de\/be_cms\/fotos-2018\/","title":{"rendered":"Fotos 2018"},"content":{"rendered":"<p>Bilder aus 2018<\/p>\n<h3 style=\"text-align: center;\">20 Jahre IG Black Eagles D\u00fcren<\/h3>\n<p style=\"text-align: center;\">&#8222;Wir k\u00f6nnen Alles &#8211; Au\u00dfer Square Dance&#8220;<\/p>\n<p>20te Country Night (10.03.18)<br \/>\nngg_shortcode_0_placeholder<\/p>\n<p>&nbsp;<\/p>\n<p>Einige Schnappsch\u00fcsse der Demo zu unserer Jubil\u00e4umsveranstaltung.<br \/>\nDanke an den Fotografen Klaus L. der uns die Bildchen zur Verf\u00fcgung stellte.<\/p>\nngg_shortcode_1_placeholder\n<p>&nbsp;<\/p>\n","protected":false},"excerpt":{"rendered":"<p>Bilder aus 2018 20 Jahre IG Black Eagles D\u00fcren &#8222;Wir k\u00f6nnen Alles &#8211; Au\u00dfer Square Dance&#8220; 20te Country Night (10.03.18) &nbsp; Einige Schnappsch\u00fcsse der Demo zu unserer Jubil\u00e4umsveranstaltung. Danke an den Fotografen Klaus L. der uns die Bildchen zur Verf\u00fcgung <span class=\"excerpt-dots\">&hellip;<\/span> <a class=\"more-link\" href=\"https:\/\/www.hobocountry.de\/be_cms\/fotos-2018\/\"><span class=\"more-msg\">Weiterlesen &rarr;<\/span><\/a><\/p>\n","protected":false},"author":2,"featured_media":0,"parent":0,"menu_order":0,"comment_status":"closed","ping_status":"closed","template":"","meta":{"ngg_post_thumbnail":0,"footnotes":""},"class_list":["post-823","page","type-page","status-publish","hentry"],"_links":{"self":[{"href":"https:\/\/www.hobocountry.de\/be_cms\/wp-json\/wp\/v2\/pages\/823","targetHints":{"allow":["GET"]}}],"collection":[{"href":"https:\/\/www.hobocountry.de\/be_cms\/wp-json\/wp\/v2\/pages"}],"about":[{"href":"https:\/\/www.hobocountry.de\/be_cms\/wp-json\/wp\/v2\/types\/page"}],"author":[{"embeddable":true,"href":"https:\/\/www.hobocountry.de\/be_cms\/wp-json\/wp\/v2\/users\/2"}],"replies":[{"embeddable":true,"href":"https:\/\/www.hobocountry.de\/be_cms\/wp-json\/wp\/v2\/comments?post=823"}],"version-history":[{"count":0,"href":"https:\/\/www.hobocountry.de\/be_cms\/wp-json\/wp\/v2\/pages\/823\/revisions"}],"wp:attachment":[{"href":"https:\/\/www.hobocountry.de\/be_cms\/wp-json\/wp\/v2\/media?parent=823"}],"curies":[{"name":"wp","href":"https:\/\/api.w.org\/{rel}","templated":true}]}}