{"id":709,"date":"2017-10-15T01:33:47","date_gmt":"2017-10-14T23:33:47","guid":{"rendered":"https:\/\/black-eagles.euregiocountry.net\/?page_id=709"},"modified":"2017-10-15T20:11:42","modified_gmt":"2017-10-15T18:11:42","slug":"vvkinfo-2018","status":"publish","type":"page","link":"https:\/\/www.hobocountry.de\/be_cms\/vvkinfo-2018\/","title":{"rendered":"VVKinfo-2018"},"content":{"rendered":"<p align=\"center\"><span style=\"font-size: x-large;\"><strong>20 Jahre Black Eagles D\u00fcren<\/strong><\/span><\/p>\n<p align=\"center\"><b>Country and Western Dance &#8211; Linedance since 1998<br \/>\n<\/b><b>&#8222;Wir k\u00f6nnen alles. Au\u00dfer Square Dance&#8220;<\/b><\/p>\n<p>Hier nun die angek\u00fcndigten Informationen zum Vorverkauf f\u00fcr unsere Jubil\u00e4umsveranstaltung, die 20te Black Eagles Country Music und Linedance Night (kurz 20.BECN) am 10.03.2018<\/p>\n<div id=\"attachment_701\" style=\"width: 222px\" class=\"wp-caption aligncenter\"><a href=\"https:\/\/black-eagles.euregiocountry.net\/wp-content\/uploads\/2017\/09\/Flyer_20180310_20Jahre_A4.jpg\" target=\"_blank\" rel=\"noopener\"><img loading=\"lazy\" decoding=\"async\" aria-describedby=\"caption-attachment-701\" class=\"wp-image-701 size-medium\" src=\"https:\/\/black-eagles.euregiocountry.net\/wp-content\/uploads\/2017\/09\/Flyer_20180310_20Jahre_A4-212x300.jpg\" alt=\"\" width=\"212\" height=\"300\" srcset=\"https:\/\/www.hobocountry.de\/be_cms\/wp-content\/uploads\/2017\/09\/Flyer_20180310_20Jahre_A4-212x300.jpg 212w, https:\/\/www.hobocountry.de\/be_cms\/wp-content\/uploads\/2017\/09\/Flyer_20180310_20Jahre_A4-768x1086.jpg 768w, https:\/\/www.hobocountry.de\/be_cms\/wp-content\/uploads\/2017\/09\/Flyer_20180310_20Jahre_A4-724x1024.jpg 724w\" sizes=\"auto, (max-width: 212px) 100vw, 212px\" \/><\/a><p id=\"caption-attachment-701\" class=\"wp-caption-text\">Flyer 20 Jahre IG Black Eagles D\u00fcren<\/p><\/div>\n<p>Wir k\u00f6nnen nicht absch\u00e4tzen wieviele G\u00e4ste unsere Jubil\u00e4umsveranstaltung am 10. M\u00e4rz 2018 besuchen m\u00f6chten.<\/p>\n<p>Der offizielle Bestuhlungsplan der Gemeinde Merzenich gibt eine max. Besucherzahl vor. Damit wir am 10.03.18 niemanden an der Eingangst\u00fcr abweisen m\u00fc\u00dfen, haben wir uns erneut zum Vorverkauf entschlossen! Wir bitten um Verst\u00e4ndnis.<\/p>\n<p>&nbsp;<\/p>\n<p><em><strong>Der Ablauf:<\/strong><\/em><br \/>\n<strong>Der Vorverkauf zur 20.BECN startet am 01. November 2017 um 00:01 Uhr.<\/strong><\/p>\n<p>Bestellungen sind per E-Mail (NUR an folgende E-Mail-Adresse) m\u00f6glich:<br \/>\n<b>VVK-20Jahre-BE@euregiocountry.net<br \/>\n<\/b><\/p>\n<p>oder per Post an<br \/>\n<b><\/b><\/p>\n<p>Robert Cr\u00f6ngen<br \/>\n-VVK-<br \/>\nUferstr. 25<br \/>\n52428 J\u00fclich \u2013 Kirchberg<\/p>\n<p>Eintrittskarten-Bestellungen werden in der Reihenfolge ihres Eingangs (Datum, Uhrzeit der E-Mail bzw. Poststempel) bearbeitet und gewertet.<br \/>\nWenn Kartenbestellungen f\u00fcr Gruppen (oder auch Familien) nicht zeitgleich erfolgen, k\u00f6nnen keine zusammenh\u00e4ngende Sitzpl\u00e4tze erwartet werden !<br \/>\nTrotz freiem Eintritt f\u00fcr Kinder bis 14 Jahre (bitte angeben !) wegen Platzzuordnung auch anmelden.<\/p>\n<p>&nbsp;<\/p>\n<p><em><strong>Wir ben\u00f6tigen:<\/strong><\/em><br \/>\nAnzahl der gew\u00fcnschten Eintrittskarten f\u00fcr die 20.BECN<br \/>\ng\u00fcltige E-Mail Adresse<br \/>\nPostanschrift zwecks Zusendung der bezahlten Eintrittskarten an den Besteller<\/p>\n<p>Der Besteller erh\u00e4lt innerhalb 5 Tagen eine Best\u00e4tigung der eingegangenen Bestellung(en) per E-Mail mit dem zu zahlenden Gesamtbetrag und den n\u00f6tigen Kontoangaben.<\/p>\n<p>Danach hat der Besteller 10 Tage Zeit den Gesamtbetrag auf das genannte Konto einzuzahlen.<br \/>\nNach Zahlungseingang werden die bezahlten Eintrittskarten an die vom Besteller angegebene Anschrift per Post versendet.<br \/>\nNach Ablauf der 10-Tage-Frist werden nicht bezahlte Eintrittskarten wieder in den VVK gegeben!<\/p>\n<p>&nbsp;<\/p>\n<p style=\"text-align: center;\">Verkaufte Eintrittskarten werden nicht zur\u00fcckgenommen !<\/p>\n<p>&nbsp;<\/p>\n<p><em><strong>Zwei Hinweise zum Schluss:<\/strong><\/em><br \/>\nVor dem 01.11.17 empfangene E-Mails oder Briefe werden weder beachtet noch beantwortet !<br \/>\nAktuelles \u00fcber den Stand des Vorverkaufs, sowie Anzahl noch verf\u00fcgbarer Eintrittskarten (in Prozent) werden wir hin und wieder auf der Startseite ver\u00f6ffentlichen . . .<\/p>\n<p>Denn auch diesmal gilt: Wenn weg &#8211; dann weg !!<\/p>\n<p>&nbsp;<\/p>\n","protected":false},"excerpt":{"rendered":"<p>20 Jahre Black Eagles D\u00fcren Country and Western Dance &#8211; Linedance since 1998 &#8222;Wir k\u00f6nnen alles. Au\u00dfer Square Dance&#8220; Hier nun die angek\u00fcndigten Informationen zum Vorverkauf f\u00fcr unsere Jubil\u00e4umsveranstaltung, die 20te Black Eagles Country Music und Linedance Night (kurz 20.BECN) <span class=\"excerpt-dots\">&hellip;<\/span> <a class=\"more-link\" href=\"https:\/\/www.hobocountry.de\/be_cms\/vvkinfo-2018\/\"><span class=\"more-msg\">Weiterlesen &rarr;<\/span><\/a><\/p>\n","protected":false},"author":2,"featured_media":0,"parent":0,"menu_order":0,"comment_status":"closed","ping_status":"closed","template":"","meta":{"ngg_post_thumbnail":0,"footnotes":""},"class_list":["post-709","page","type-page","status-publish","hentry"],"_links":{"self":[{"href":"https:\/\/www.hobocountry.de\/be_cms\/wp-json\/wp\/v2\/pages\/709","targetHints":{"allow":["GET"]}}],"collection":[{"href":"https:\/\/www.hobocountry.de\/be_cms\/wp-json\/wp\/v2\/pages"}],"about":[{"href":"https:\/\/www.hobocountry.de\/be_cms\/wp-json\/wp\/v2\/types\/page"}],"author":[{"embeddable":true,"href":"https:\/\/www.hobocountry.de\/be_cms\/wp-json\/wp\/v2\/users\/2"}],"replies":[{"embeddable":true,"href":"https:\/\/www.hobocountry.de\/be_cms\/wp-json\/wp\/v2\/comments?post=709"}],"version-history":[{"count":0,"href":"https:\/\/www.hobocountry.de\/be_cms\/wp-json\/wp\/v2\/pages\/709\/revisions"}],"wp:attachment":[{"href":"https:\/\/www.hobocountry.de\/be_cms\/wp-json\/wp\/v2\/media?parent=709"}],"curies":[{"name":"wp","href":"https:\/\/api.w.org\/{rel}","templated":true}]}}