{"id":571,"date":"2016-10-28T20:35:54","date_gmt":"2016-10-28T18:35:54","guid":{"rendered":"http:\/\/black-eagles.euregiocountry.net\/?page_id=571"},"modified":"2024-05-29T12:44:32","modified_gmt":"2024-05-29T10:44:32","slug":"gruppe-2","status":"publish","type":"page","link":"https:\/\/www.hobocountry.de\/be_cms\/gruppe-2\/","title":{"rendered":"Gruppe"},"content":{"rendered":"<p align=\"center\">Sie m\u00f6gen Country Musik und Western Tanz ?<br \/>\nSie suchen das Besondere f\u00fcr Ihr Betriebs-, Strassenfest, Tag der offenen T\u00fcr etc. ?<br \/>\nDann sind Sie bei uns richtig !<br \/>\n<!-- <a href=\"https:\/\/black-eagles.holzweiler-city.de\/20xx\/kontakt.htm\">Rufen<\/a> Sie an, melden Sie sich per <a href=\"https:\/\/black-eagles.holzweiler-city.de\/20xx\/kontakt.htm\">eMail<\/a> oder besuchen Sie uns <a href=\"https:\/\/black-eagles.holzweiler-city.de\/20xx\/anfahrt.htm\"> Sonntags<\/a> .....<\/p>\n\n\nWir sind eine Interessengemeinschaft mit Spass am Line Dance. Mehr oder weniger regelm\u00e4\u00dfig treffen wir uns am Sonntagnachmittag von ca. 16:30 - 18:30 Uhr im \"Merzenicher Hof\" in Merzenich. Um uns sicher anzutreffen, rufen sie bitte vorher an. --><\/p>\n<p><a href=\"https:\/\/www.hobocountry.de\/be_cms\/wp-content\/uploads\/2016\/09\/bredstedt_1.jpg\"><img loading=\"lazy\" decoding=\"async\" class=\"alignnone size-thumbnail wp-image-567\" src=\"https:\/\/www.hobocountry.de\/be_cms\/wp-content\/uploads\/2016\/09\/bredstedt_1-150x150.jpg\" alt=\"bredstedt_1\" width=\"150\" height=\"150\" \/><\/a> Die einzelnen T\u00e4nzerinnen und T\u00e4nzer stammen aus D\u00fcren, Frechen, J\u00fclich, Kelmis (Belgien), Linnich, Mechernich, Niederzier, Stolberg, Vettweiss usw. Wer Spass an Countrymusic und Line Dance hat, kann uns gerne einmal besuchen ! Aber nicht nur hier sind wir anzutreffen, sondern auch auf vielen Countryfesten, Stadtfesten und mehr. Im n\u00e4heren und weiteren Umkreis kann man uns in Aktion sehen.<\/p>\n<p>Eine kleine Gruppe von uns war im April 2001 in Bredstedt (Schleswig-Holstein, N\u00e4he Husum). Wo man uns sonst noch live erleben kann finden Sie unter <a href=\"https:\/\/black-eagles.holzweiler-city.de\/20xx\/auftritte.php\">Auftritte<\/a>. Allgemeine Termine und mehr gibt es <a title=\"Link \u00f6ffnet in neuem Fenster\" href=\"http:\/\/www.euregiocountry.net\/hwc\/php\/termine.php\" target=\"_blank\" rel=\"noopener\">hier<\/a><\/p>\n<p class=\"bild\" align=\"center\"><a href=\"https:\/\/www.hobocountry.de\/be_cms\/wp-content\/uploads\/2016\/10\/roggendorf_gruppe.jpg\"><img loading=\"lazy\" decoding=\"async\" class=\"alignnone size-thumbnail wp-image-565\" src=\"https:\/\/www.hobocountry.de\/be_cms\/wp-content\/uploads\/2016\/10\/roggendorf_gruppe-150x150.jpg\" alt=\"roggendorf_gruppe\" width=\"150\" height=\"150\" \/><\/a><br \/>\n<a href=\"https:\/\/black-eagles.holzweiler-city.de\/wp-content\/uploads\/2016\/10\/roggendorf_nachts.jpg\"><img loading=\"lazy\" decoding=\"async\" class=\"alignnone size-thumbnail wp-image-566\" src=\"https:\/\/www.hobocountry.de\/be_cms\/wp-content\/uploads\/2016\/10\/roggendorf_nachts-150x150.jpg\" alt=\"roggendorf_nachts\" width=\"150\" height=\"150\" \/><\/a><br \/>\nZwei Aufnahmen vom August 2000. Wir waren in K\u00f6ln-Roggendorf beim Carson-City-Country Open Air.<br \/>\nEs war ein langer Tag, aber es hat Spass gemacht.<\/p>\n","protected":false},"excerpt":{"rendered":"<p>Sie m\u00f6gen Country Musik und Western Tanz ? Sie suchen das Besondere f\u00fcr Ihr Betriebs-, Strassenfest, Tag der offenen T\u00fcr etc. ? Dann sind Sie bei uns richtig ! Die einzelnen T\u00e4nzerinnen und T\u00e4nzer stammen aus D\u00fcren, Frechen, J\u00fclich, Kelmis <span class=\"excerpt-dots\">&hellip;<\/span> <a class=\"more-link\" href=\"https:\/\/www.hobocountry.de\/be_cms\/gruppe-2\/\"><span class=\"more-msg\">Weiterlesen &rarr;<\/span><\/a><\/p>\n","protected":false},"author":5,"featured_media":0,"parent":0,"menu_order":0,"comment_status":"closed","ping_status":"closed","template":"","meta":{"ngg_post_thumbnail":0,"footnotes":""},"class_list":["post-571","page","type-page","status-publish","hentry"],"_links":{"self":[{"href":"https:\/\/www.hobocountry.de\/be_cms\/wp-json\/wp\/v2\/pages\/571","targetHints":{"allow":["GET"]}}],"collection":[{"href":"https:\/\/www.hobocountry.de\/be_cms\/wp-json\/wp\/v2\/pages"}],"about":[{"href":"https:\/\/www.hobocountry.de\/be_cms\/wp-json\/wp\/v2\/types\/page"}],"author":[{"embeddable":true,"href":"https:\/\/www.hobocountry.de\/be_cms\/wp-json\/wp\/v2\/users\/5"}],"replies":[{"embeddable":true,"href":"https:\/\/www.hobocountry.de\/be_cms\/wp-json\/wp\/v2\/comments?post=571"}],"version-history":[{"count":3,"href":"https:\/\/www.hobocountry.de\/be_cms\/wp-json\/wp\/v2\/pages\/571\/revisions"}],"predecessor-version":[{"id":1633,"href":"https:\/\/www.hobocountry.de\/be_cms\/wp-json\/wp\/v2\/pages\/571\/revisions\/1633"}],"wp:attachment":[{"href":"https:\/\/www.hobocountry.de\/be_cms\/wp-json\/wp\/v2\/media?parent=571"}],"curies":[{"name":"wp","href":"https:\/\/api.w.org\/{rel}","templated":true}]}}