{"id":455,"date":"2016-10-15T17:19:58","date_gmt":"2016-10-15T15:19:58","guid":{"rendered":"http:\/\/black-eagles.euregiocountry.net\/?page_id=455"},"modified":"2016-11-20T20:53:49","modified_gmt":"2016-11-20T19:53:49","slug":"vvkinfo","status":"publish","type":"page","link":"https:\/\/www.hobocountry.de\/be_cms\/vvkinfo\/","title":{"rendered":"VVKinfo"},"content":{"rendered":"<p class=\"headline\" style=\"text-align: center;\"><strong>Hier nun die angek\u00fcndigten Informationen zum Vorverkauf f\u00fcr die<br \/>\n19te Black Eagles Country Music und Linedance Night (kurz 19.BECN) am 25.03.2017<\/strong><\/p>\n<p align=\"center\"><a href=\"http:\/\/black-eagles.euregiocountry.net\/wp-content\/uploads\/2016\/09\/Flyer_20170325_A4.jpg\" target=\"_blank\"><img loading=\"lazy\" decoding=\"async\" class=\"aligncenter wp-image-241 size-thumbnail\" src=\"http:\/\/black-eagles.euregiocountry.net\/wp-content\/uploads\/2016\/09\/Flyer_20170325_A4-150x150.jpg\" alt=\"Flyer 19te BECn\" width=\"150\" height=\"150\" \/><\/a><\/p>\n<p>Wir k\u00f6nnen nicht absch\u00e4tzen wieviele G\u00e4ste unsere 19.BECN am 25. M\u00e4rz 2017 besuchen<br \/>\nm\u00f6chten.<br \/>\nDa durch den offiziellen Bestuhlungsplan der Gemeinde Merzenich die max. Besucherzahl festgelegt ist und wir am 25.03.17 niemanden an der Eingangst\u00fcr abweisen m\u00f6chten, haben wir uns erstmalig zum Vorverkauf entschlossen! Wir bitten um Verst\u00e4ndnis.<\/p>\n<p>&nbsp;<\/p>\n<p><span style=\"text-decoration: underline;\">Der Ablauf:<\/span><br \/>\nDer Vorverkauf zur 19.BECN startet am 01. November 2016 um 00:01 Uhr<br \/>\nBestellungen sind per E-Mail (<span style=\"text-decoration: underline;\">NUR an folgende E-Mail-Adresse<\/span>) m\u00f6glich:<br \/>\n<strong>vvk170325be@euregiocountry.net<\/strong><\/p>\n<p>oder per Post an<\/p>\n<p><strong>Robert Cr\u00f6ngen<\/strong><br \/>\n<strong>-VVK-<\/strong><br \/>\n<strong>Uferstr. 25<\/strong><br \/>\n<strong>52428 J\u00fclich &#8211; Kirchberg<\/strong><\/p>\n<p>&nbsp;<\/p>\n<p class=\"headline\">Eintrittskarten-Bestellungen werden in der Reihenfolge ihres Eingangs (Datum, Uhrzeit der E-Mail bzw. Poststempel) bearbeitet und gewertet.<\/p>\n<p>&nbsp;<\/p>\n<p class=\"headline\"><span style=\"text-decoration: underline;\">Wir ben\u00f6tigen:<\/span><br \/>\nAnzahl der gew\u00fcnschten Eintrittskarten f\u00fcr die 19.BECN<br \/>\nG\u00fcltige E-Mail Adresse<br \/>\nPostanschrift zwecks Zusendung der bezahlten Eintrittskarten an den Besteller<\/p>\n<p class=\"headline\">Der Besteller erh\u00e4lt innerhalb 5 Tagen eine Best\u00e4tigung der eingegangenen Bestellung(en) per E-Mail mit dem zu zahlenden Gesamtbetrag und den n\u00f6tigen Kontoangaben.<\/p>\n<p>Danach hat der Besteller 10 Tage Zeit den Gesamtbetrag auf das genannte Konto einzuzahlen.<\/p>\n<p>&nbsp;<\/p>\n<p><strong>Nach Ablauf dieser Frist werden nicht bezahlte Eintrittskarten wieder in den VVK gegeben!<\/strong><\/p>\n<p>&nbsp;<\/p>\n<p>Nach Zahlungseingang werden die bezahlten Eintrittskarten an die vom Besteller angegebene Anschrift per Post versendet.<\/p>\n<p>&nbsp;<\/p>\n<p><strong>Verkaufte Eintrittskarten werden nicht zur\u00fcckgenommen !<\/strong><\/p>\n<p>&nbsp;<\/p>\n<p>Zwei Hinweise zum Schluss:<\/p>\n<p>Vor dem 01.11.16 empfangene E-Mails oder Briefe werden weder beachtet noch beantwortet !<\/p>\n<p>Die Anzahl der noch verf\u00fcgbaren Eintrittskarten wird hier sporadisch ver\u00f6ffentlicht, denn: Wenn weg &#8211; dann weg !!<\/p>\n<p>&nbsp;<\/p>\n<p align=\"center\">Aktuelles \u00fcber den Stand des Vorverkaufs werden wir hin und wieder auf der <a href=\"https:\/\/black-eagles.euregiocountry.net\/\">Startseite<\/a> ver\u00f6ffentlichen . . .<\/p>\n<p>&nbsp;<\/p>\n","protected":false},"excerpt":{"rendered":"<p>Hier nun die angek\u00fcndigten Informationen zum Vorverkauf f\u00fcr die 19te Black Eagles Country Music und Linedance Night (kurz 19.BECN) am 25.03.2017 Wir k\u00f6nnen nicht absch\u00e4tzen wieviele G\u00e4ste unsere 19.BECN am 25. M\u00e4rz 2017 besuchen m\u00f6chten. Da durch den offiziellen Bestuhlungsplan <span class=\"excerpt-dots\">&hellip;<\/span> <a class=\"more-link\" href=\"https:\/\/www.hobocountry.de\/be_cms\/vvkinfo\/\"><span class=\"more-msg\">Weiterlesen &rarr;<\/span><\/a><\/p>\n","protected":false},"author":5,"featured_media":0,"parent":0,"menu_order":0,"comment_status":"closed","ping_status":"closed","template":"","meta":{"ngg_post_thumbnail":0,"footnotes":""},"class_list":["post-455","page","type-page","status-publish","hentry"],"_links":{"self":[{"href":"https:\/\/www.hobocountry.de\/be_cms\/wp-json\/wp\/v2\/pages\/455","targetHints":{"allow":["GET"]}}],"collection":[{"href":"https:\/\/www.hobocountry.de\/be_cms\/wp-json\/wp\/v2\/pages"}],"about":[{"href":"https:\/\/www.hobocountry.de\/be_cms\/wp-json\/wp\/v2\/types\/page"}],"author":[{"embeddable":true,"href":"https:\/\/www.hobocountry.de\/be_cms\/wp-json\/wp\/v2\/users\/5"}],"replies":[{"embeddable":true,"href":"https:\/\/www.hobocountry.de\/be_cms\/wp-json\/wp\/v2\/comments?post=455"}],"version-history":[{"count":0,"href":"https:\/\/www.hobocountry.de\/be_cms\/wp-json\/wp\/v2\/pages\/455\/revisions"}],"wp:attachment":[{"href":"https:\/\/www.hobocountry.de\/be_cms\/wp-json\/wp\/v2\/media?parent=455"}],"curies":[{"name":"wp","href":"https:\/\/api.w.org\/{rel}","templated":true}]}}