{"id":252,"date":"2016-09-29T19:03:58","date_gmt":"2016-09-29T17:03:58","guid":{"rendered":"http:\/\/www.holzweiler-city.de\/cms_be\/?page_id=252"},"modified":"2016-10-17T22:05:47","modified_gmt":"2016-10-17T20:05:47","slug":"rueckblick","status":"publish","type":"page","link":"https:\/\/www.hobocountry.de\/be_cms\/rueckblick\/","title":{"rendered":"R\u00fcckblick"},"content":{"rendered":"<h3>Black Eagles &#8211; R\u00fcckblick oder es war einmal<\/h3>\n<p>Hier sind einige Seiten aus vergangenen Zeiten zu finden. Die Links auf diesen Seiten k\u00f6nnten m\u00f6glicherweise teilweise nicht mehr funktionieren . . . .<\/p>\n<p>&nbsp;<\/p>\n<p>Jahr 2013<br \/>\n<a href=\"..\/old_website\/looking_back\/2013_bkpj.pdf\" target=\"_blank\">Br\u00fcckenkopf-Park J\u00fclich<\/a><br \/>\n<a href=\"http:\/\/black-eagles.euregiocountry.net\/15te-becn\/\">15te Country Night<\/a><\/p>\n<p>&nbsp;<\/p>\n<p>Jahr 2012<br \/>\n<a href=\"http:\/\/black-eagles.euregiocountry.net\/radiorurvdw\/\">Verein der Woche bei Radio Rur<\/a><br \/>\n<a href=\"http:\/\/black-eagles.euregiocountry.net\/14te-becn\/\">14te Country Night<\/a><\/p>\n<p>&nbsp;<\/p>\n<p>Jahr 2011<br \/>\n<a title=\"\u00f6ffnet in neuem Fenster\" href=\"http:\/\/black-eagles.euregiocountry.net\/2011\/gaesteb_be_bis2011.php\" target=\"_blank\">G\u00e4stebuch vom ersten Eintrag an (10.03.2007) bis 24.12.2011<\/a><br \/>\n<a href=\"http:\/\/black-eagles.euregiocountry.net\/2011\/bkp.php\">Br\u00fcckenkopf-Park J\u00fclich<\/a><br \/>\n<a href=\"http:\/\/black-eagles.euregiocountry.net\/2011\/cnight.php\">13te Country Night<\/a><\/p>\n<p>&nbsp;<\/p>\n<p>Jahr 2010<br \/>\n<a href=\"http:\/\/black-eagles.euregiocountry.net\/2010\/april2may.php\">Mit Country Music in den Mai 2010<\/a><br \/>\n<a href=\"http:\/\/black-eagles.euregiocountry.net\/2010\/gruppenfoto.php\">Gruppenfoto<\/a><\/p>\n<p>&nbsp;<\/p>\n<p>Jahr 2009<br \/>\n<a href=\"http:\/\/black-eagles.euregiocountry.net\/2009\/cnight.php\">11te Country Night<\/a><\/p>\n<p>&nbsp;<\/p>\n<p>Jahr 2008<br \/>\n<b>10 Jahre Black Eagles<\/b><br \/>\n<a href=\"http:\/\/black-eagles.euregiocountry.net\/2008nachlese\/\">Nachlese zur 10ten Country Night<\/a><br \/>\n<a href=\"http:\/\/black-eagles.euregiocountry.net\/2008\/10years.php\">10te Country Night<\/a><\/p>\n<p>&nbsp;<\/p>\n<p>Jahr 2007<br \/>\n<a href=\"http:\/\/black-eagles.euregiocountry.net\/2007\/20071216_letter4u.php\">offener Brief zur Weihnachstzeit<\/a><br \/>\n<a href=\"http:\/\/black-eagles.euregiocountry.net\/2007\/auftritte.htm\">Auftritte<\/a><\/p>\n<p>&nbsp;<\/p>\n<p>Jahr 2006<br \/>\n<a href=\"http:\/\/black-eagles.euregiocountry.net\/2006\/aktuell.htm\">Aktuelles<\/a><br \/>\n<a href=\"http:\/\/black-eagles.euregiocountry.net\/2006\/auftritte.htm\">Auftritte<\/a><\/p>\n<p>&nbsp;<\/p>\n<p>Jahr 2005<br \/>\n<a href=\"http:\/\/black-eagles.euregiocountry.net\/2005\/aktuell.htm\">Aktuelles<\/a><\/p>\n<p>&nbsp;<\/p>\n<p>Jahre 1998 &#8211; 2004<br \/>\n. . . aus dieser Zeit nur Bilder und\/oder Presseartikel &#8211; erreichbar \u00fcber das Men\u00fc oben . . . .<\/p>\n<p>&nbsp;<\/p>\n","protected":false},"excerpt":{"rendered":"<p>Black Eagles &#8211; R\u00fcckblick oder es war einmal Hier sind einige Seiten aus vergangenen Zeiten zu finden. Die Links auf diesen Seiten k\u00f6nnten m\u00f6glicherweise teilweise nicht mehr funktionieren . . . . &nbsp; Jahr 2013 Br\u00fcckenkopf-Park J\u00fclich 15te Country Night <span class=\"excerpt-dots\">&hellip;<\/span> <a class=\"more-link\" href=\"https:\/\/www.hobocountry.de\/be_cms\/rueckblick\/\"><span class=\"more-msg\">Weiterlesen &rarr;<\/span><\/a><\/p>\n","protected":false},"author":2,"featured_media":0,"parent":0,"menu_order":0,"comment_status":"closed","ping_status":"closed","template":"","meta":{"ngg_post_thumbnail":0,"footnotes":""},"class_list":["post-252","page","type-page","status-publish","hentry"],"_links":{"self":[{"href":"https:\/\/www.hobocountry.de\/be_cms\/wp-json\/wp\/v2\/pages\/252","targetHints":{"allow":["GET"]}}],"collection":[{"href":"https:\/\/www.hobocountry.de\/be_cms\/wp-json\/wp\/v2\/pages"}],"about":[{"href":"https:\/\/www.hobocountry.de\/be_cms\/wp-json\/wp\/v2\/types\/page"}],"author":[{"embeddable":true,"href":"https:\/\/www.hobocountry.de\/be_cms\/wp-json\/wp\/v2\/users\/2"}],"replies":[{"embeddable":true,"href":"https:\/\/www.hobocountry.de\/be_cms\/wp-json\/wp\/v2\/comments?post=252"}],"version-history":[{"count":0,"href":"https:\/\/www.hobocountry.de\/be_cms\/wp-json\/wp\/v2\/pages\/252\/revisions"}],"wp:attachment":[{"href":"https:\/\/www.hobocountry.de\/be_cms\/wp-json\/wp\/v2\/media?parent=252"}],"curies":[{"name":"wp","href":"https:\/\/api.w.org\/{rel}","templated":true}]}}