{"id":197,"date":"2016-09-29T09:10:09","date_gmt":"2016-09-29T07:10:09","guid":{"rendered":"http:\/\/www.holzweiler-city.de\/cms_be\/?page_id=197"},"modified":"2024-05-29T12:46:42","modified_gmt":"2024-05-29T10:46:42","slug":"geschichte","status":"publish","type":"page","link":"https:\/\/www.hobocountry.de\/be_cms\/geschichte\/","title":{"rendered":"Geschichte"},"content":{"rendered":"<p><strong>Black Eagles &#8211; Wie alles begann, <\/strong>Stand:07.01.2009<\/p>\n<p align=\"center\">Zwei Geschichten &#8211; Ein Ergebnis !<\/p>\n<p align=\"center\">Line Dance seit 1998 aus <a href=\"http:\/\/www.dueren.de\/\" target=\"_blank\" rel=\"noopener\">D\u00fcren<\/a><\/p>\n<p>&nbsp;<\/p>\n<p>Die Gr\u00fcndungsversammlung fand am 11. Januar 1998 statt, in der Gastst\u00e4tte &#8222;Matteo&#8220; in DN-Birkesdorf.<br \/>\nDer erste \u00f6ffentliche Auftritt folgte am 21. Mai 1998 (Christi Himmelfahrt), beim SPD-Fest in Birkesdorf &#8211; damals mit 6 Tanzpaaren.<\/p>\n<p>Um die Entstehung der Black Eagles niederschreiben zu k\u00f6nnen, wurden die beiden Gr\u00fcnder (Peter Andert und Hans-Peter Hendrich) im Juli 2003 nach ihrer Black-Eagles-Geschichte befragt.<br \/>\nBei den Beiden verlief der Einstieg in die Country-Szene einige Zeit parallel, ohne das sie voneinander wu\u00dften.<br \/>\nAls man sich dann kennenlernte, &#8222;kam Eines zum Anderen&#8220;.<br \/>\nDeshalb wurden beide Geschichten, wie im richtigen Leben, nebeneinander niedergeschrieben.<br \/>\nLesen Sie selbst.<\/p>\n<p>&nbsp;<\/p>\n<table border=\"0\" summary=\"\" width=\"100%\" cellspacing=\"6\" cellpadding=\"0\" align=\"center\">\n<tbody>\n<tr>\n<td valign=\"top\" width=\"50%\">\n<h5>Quelle: Peter Andert (PA)<\/h5>\n<p>Um die Gr\u00fcndung der Black Eagles zu erz\u00e4hlen mu\u00df ich etwas weiter ausholen.<\/p>\n<p>Seit 1995 bin ich in der Country Szene zu Hause. Angefangen habe ich seinerzeit bei den &#8222;Westernfreunden Schmidt&#8220;. Dort habe ich meine ersten T\u00e4nze gelernt. Zur selben Zeit war ich auch f\u00fcr ein paar Monate in Hellenthal beim Square Dance.\u00a0<a href=\"https:\/\/www.hobocountry.de\/be_cms\/wp-content\/uploads\/2016\/09\/peter_100x100.jpg\"><img loading=\"lazy\" decoding=\"async\" class=\"alignnone size-full wp-image-202\" src=\"https:\/\/www.hobocountry.de\/be_cms\/wp-content\/uploads\/2016\/09\/peter_100x100.jpg\" alt=\"Peter Andert\" width=\"100\" height=\"101\" \/><\/a><\/p>\n<p>Seit 1996 bin ich festes Mitglied der CCPs. Bei den CCPs war ich<br \/>\nlange Zeit aktives Mitglied der Tanzgruppe. Bei all diesen Aktivit\u00e4ten lernte ich viele Menschen kennen die meinen weiteren Weg in der Country Szene beeinflu\u00dften.<\/p>\n<p>Dazu geh\u00f6ren u.a. Heinz und Bernhard Fest und nat\u00fcrlich auch mein Coach in Schmidt Mauricette Wagenf\u00fchr.<br \/>\nDurch diese Menschen habe ich viel gelernt.<\/p>\n<p>Von Mitte bis Ende 1997 war ich selbst 1. bzw. 2. Coach in Schmidt.<br \/>\nEnde 1997 verlie\u00df ich die Gruppe in Schmidt. Nach Stolberg zu fahren war mir zu weit und auch der Trainingsabend, der immer Montags<br \/>\nstattfindet, war f\u00fcr mich ung\u00fcnstig.<\/p>\n<p>Das waren die Punkte, die mich veranla\u00dften \u00fcber eine eigene Gruppe nachzudenken.<\/p>\n<p>Im Oktober 1997 kam dann HPH (den ich kurz zuvor bei den Coppers kennengelernt hatte) aus beruflichen Gr\u00fcnden einmal zu mir nach Hause. Nachdem die beruflichen Dinge gekl\u00e4rt waren, sprachen wir auch \u00fcber Privates. Wir merkten sehr schnell, das wir uns gut verstehen. Als ich HPH von meinem Plan erz\u00e4hlte eine eigene Gruppe zu gr\u00fcnden war er absolut begeistert. Auf seine Frage wo ich hingehen wolle, sagte ich ihm &#8222;nach D\u00fcren&#8220;.<\/p>\n<p>Das war der Punkt an dem HPH voll ansprang, denn auch er hatte schon den Gedanken &#8222;irgendetwas&#8220; in D\u00fcren zu machen.<\/p>\n<p>HPH hatte Verbindungen zu einer Gastst\u00e4tte in Birkesdorf. In dieser Gastst\u00e4tte trafen wir uns dann am 10.01.1998 zu einem &#8222;Infonachmittag&#8220;.<\/p>\n<p>Dort waren ca. 15 Interessierte anwesend, von denen einige sofort bzw. kurze Zeit sp\u00e4ter Mitglieder der Black Eagles wurden. Den Namen &#8222;Black Eagles&#8220; habe ich eigentlich durch Zufall auf einem Turnschuh entdeckt. Ich dachte mir das ist der Name schlechthin.<\/p>\n<p>Die Black Eagles waren geboren und bis heute bezeichne ich sie immer noch als &#8222;mein Baby&#8220;.<\/p>\n<p>Ich m\u00f6chte nur noch sagen das ich es ohne die Hilfe von HPH wohl wesentlich schwerer gehabt h\u00e4tte. HPH hat sehr viel Energie und Zeit investiert um die Black Eagles zu dem zu machen was sie heute sind.<br \/>\nDoch das wichtigste sind all die Mitglieder die alles f\u00fcr die Gruppe gegeben haben.<\/p>\n<p>Nur wir alle zusammen haben die Black Eagles gepr\u00e4gt.<\/p>\n<p>Peter Andert im Juli 2003<\/td>\n<td valign=\"top\" width=\"50%\">\n<h5>Quelle: Hans-Peter Hendrich (HPH)<\/h5>\n<p>Es war im Sommer 1997, als ich eine Countryveranstaltung in Erftstadt-K\u00f6ttenich besuchte.<br \/>\nIn der damaligen Zeit war ich schon \u00fcber ein Jahr Mitglied bei den &#8222;Copper City Pioneers&#8220;- in der Countryszene selbst bin ich seit 1995<br \/>\naktiv.<br \/>\nDas Countryfest in K\u00f6ttenich war mehr so eine Art Countrytreff; eine Halle &#8211;<\/p>\n<div id=\"attachment_201\" style=\"width: 110px\" class=\"wp-caption alignnone\"><a href=\"https:\/\/black-eagles.holzweiler-city.de\/wp-content\/uploads\/2016\/09\/hph_100x100.jpg\"><img loading=\"lazy\" decoding=\"async\" aria-describedby=\"caption-attachment-201\" class=\"size-full wp-image-201\" src=\"https:\/\/www.hobocountry.de\/be_cms\/wp-content\/uploads\/2016\/09\/hph_100x100.jpg\" alt=\"Hans-Peter Hendrich\" width=\"100\" height=\"100\" \/><\/a><p id=\"caption-attachment-201\" class=\"wp-caption-text\">Hans-Peter Hendrich<\/p><\/div>\n<p>ein paar amerikanische Fahrzeuge standen da<br \/>\nherum-Dosenmusik lief; kurzum so nicht &#8222;das Gelbe vom Ei&#8220;.<br \/>\nTja, auf einer B\u00fcrgersteigkante sitzend fand ich mich irgendann im Laufe des Abends mit noch zwei weiteren Countryfreunden wieder.<\/p>\n<p>Wir drei, alle begeistert von der Szene, \u00fcberlegten uns:&#8220; Mensch, machen wir doch was Eigenes in Sachen Country.&#8220; W\u00e4hrend ich<br \/>\nso mehr an &#8222;Tanzen&#8220; dachte, wollten die Beiden sich mehr auf &#8222;Organisation&#8220; sprich &#8222;Veranstalter&#8220; konzentrieren.<br \/>\nNun, der Gedanke Linedanceclub war geboren und w\u00e4hrend die Beiden ein Veranstalterb\u00fcro gr\u00fcndeten &#8211; ach ja nat\u00fcrlich heute in der hiesigen Region jedem bekannt unter &#8222;Granderath&#8220; &#8211; suchte ich mir \u00fcber Umwege im Bekanntenkreis f\u00fcr meine &#8222;Interessengemeinschaft&#8220; die ersten Linedancer.<\/p>\n<p>Doch was ist eine Linedance &#8211; I.G. ohne Coach?<\/p>\n<p>Hier hatte ich Gl\u00fcck:<\/p>\n<p>Durch meine berufliche T\u00e4tigkeit lernte ich bei den CCP unseren heutigen Coach &#8222;Peter Andert&#8220; kennen, der schon in der Countryszene<br \/>\nbekannt war und ein tolles Geschick beim &#8222;T\u00e4nze vermitteln&#8220; mitbrachte.- Auch er wollte an sich &#8222;Was Eigenes&#8220; machen.<\/p>\n<p>Nun, wir setzten uns in einer bei mir in der N\u00e4he befindlichen &#8222;Eckkneipe&#8220; zusammen, legten die Trainingstage und -Zeiten fest und<br \/>\nnannten die Gruppe schliesslich &#8222;I.G Black Eagles&#8220;.<\/p>\n<p>Das erste Countryfest fand dann im M\u00e4rz 1998 statt.<br \/>\n&#8211; Bemerkenswert ist noch, dass es unser PA fertiggebracht hat, in diesem ersten Jahr 1998 zwei Demos auf die Beine zu stellen, da wir<br \/>\nschon im Sommer an einen kleinen Tanzwettbewerb in Mechernich mit Erfolg<br \/>\nteilnahmen&#8230;!<\/p>\n<p>Nun, dieses Jahr hatten wir schon unser &#8222;F\u00fcnfj\u00e4hriges&#8220;.<\/p>\n<p>Wir haben in diesen f\u00fcnf Jahren H\u00f6hen und Tiefen erlebt, die auch bei mir als Vorsitzender manche Krise ausl\u00f6sten.<\/p>\n<p>Im grossen und Ganzen aber bin ich stolz auf die Truppe und hoffe auf<br \/>\nnoch viele gemeinsame Jahre in der Countryszene.<\/p>\n<p>H.-P. Hendrich im Juli 2003<\/td>\n<\/tr>\n<\/tbody>\n<\/table>\n<p>&nbsp;<\/p>\n<p>Soweit die Entstehungsgeschichte der Black Eagles aus Sicht der Gr\u00fcnder.<br \/>\nWer uns kennenlernen m\u00f6chte kann uns jederzeit beim Training besuchen.<br \/>\nNur bitte vorher erkundigen, ob das Training nicht gerade wegen eines Auftritts o.\u00e4. ausf\u00e4llt.<\/p>\n","protected":false},"excerpt":{"rendered":"<p>Black Eagles &#8211; Wie alles begann, Stand:07.01.2009 Zwei Geschichten &#8211; Ein Ergebnis ! Line Dance seit 1998 aus D\u00fcren &nbsp; Die Gr\u00fcndungsversammlung fand am 11. Januar 1998 statt, in der Gastst\u00e4tte &#8222;Matteo&#8220; in DN-Birkesdorf. Der erste \u00f6ffentliche Auftritt folgte am <span class=\"excerpt-dots\">&hellip;<\/span> <a class=\"more-link\" href=\"https:\/\/www.hobocountry.de\/be_cms\/geschichte\/\"><span class=\"more-msg\">Weiterlesen &rarr;<\/span><\/a><\/p>\n","protected":false},"author":2,"featured_media":0,"parent":0,"menu_order":0,"comment_status":"closed","ping_status":"closed","template":"","meta":{"ngg_post_thumbnail":0,"footnotes":""},"class_list":["post-197","page","type-page","status-publish","hentry"],"_links":{"self":[{"href":"https:\/\/www.hobocountry.de\/be_cms\/wp-json\/wp\/v2\/pages\/197","targetHints":{"allow":["GET"]}}],"collection":[{"href":"https:\/\/www.hobocountry.de\/be_cms\/wp-json\/wp\/v2\/pages"}],"about":[{"href":"https:\/\/www.hobocountry.de\/be_cms\/wp-json\/wp\/v2\/types\/page"}],"author":[{"embeddable":true,"href":"https:\/\/www.hobocountry.de\/be_cms\/wp-json\/wp\/v2\/users\/2"}],"replies":[{"embeddable":true,"href":"https:\/\/www.hobocountry.de\/be_cms\/wp-json\/wp\/v2\/comments?post=197"}],"version-history":[{"count":2,"href":"https:\/\/www.hobocountry.de\/be_cms\/wp-json\/wp\/v2\/pages\/197\/revisions"}],"predecessor-version":[{"id":1635,"href":"https:\/\/www.hobocountry.de\/be_cms\/wp-json\/wp\/v2\/pages\/197\/revisions\/1635"}],"wp:attachment":[{"href":"https:\/\/www.hobocountry.de\/be_cms\/wp-json\/wp\/v2\/media?parent=197"}],"curies":[{"name":"wp","href":"https:\/\/api.w.org\/{rel}","templated":true}]}}