{"id":185,"date":"2016-09-28T09:23:36","date_gmt":"2016-09-28T07:23:36","guid":{"rendered":"http:\/\/www.holzweiler-city.de\/cms_be\/?page_id=185"},"modified":"2016-10-07T21:50:03","modified_gmt":"2016-10-07T19:50:03","slug":"fotos-2014","status":"publish","type":"page","link":"https:\/\/www.hobocountry.de\/be_cms\/fotos-2014\/","title":{"rendered":"Fotos 2014"},"content":{"rendered":"<p>Bilder aus 2014<\/p>\n<p>&nbsp;<\/p>\n<p>G\u00fcllesheim &#8211; Zelt und Auftritt\u00a0(03.06.14)<br \/>\nngg_shortcode_0_placeholder<\/p>\n<p>&nbsp;<\/p>\n<p>G\u00fcllesheim\u00a0&#8211;\u00a0Lagerleben (03.06.14)<br \/>\nngg_shortcode_1_placeholder<\/p>\n<p>&nbsp;<\/p>\n<p>G\u00fcllesheim &#8211; gemeinsames Fr\u00fchst\u00fcck (03.06.14)<br \/>\nngg_shortcode_2_placeholder<\/p>\n<p>&nbsp;<\/p>\n<p>16te Country Night (29.03.14)<br \/>\nngg_shortcode_3_placeholder<\/p>\n<p style=\"text-align: right;\"><a href=\"#header\">Top<\/a><\/p>\n","protected":false},"excerpt":{"rendered":"<p>Bilder aus 2014 &nbsp; G\u00fcllesheim &#8211; Zelt und Auftritt\u00a0(03.06.14) &nbsp; G\u00fcllesheim\u00a0&#8211;\u00a0Lagerleben (03.06.14) &nbsp; G\u00fcllesheim &#8211; gemeinsames Fr\u00fchst\u00fcck (03.06.14) &nbsp; 16te Country Night (29.03.14) Top<\/p>\n <a class=\"more-link\" href=\"https:\/\/www.hobocountry.de\/be_cms\/fotos-2014\/\"><span class=\"more-msg\">Weiterlesen &rarr;<\/span><\/a>","protected":false},"author":2,"featured_media":0,"parent":0,"menu_order":0,"comment_status":"closed","ping_status":"closed","template":"","meta":{"ngg_post_thumbnail":0,"footnotes":""},"class_list":["post-185","page","type-page","status-publish","hentry"],"_links":{"self":[{"href":"https:\/\/www.hobocountry.de\/be_cms\/wp-json\/wp\/v2\/pages\/185","targetHints":{"allow":["GET"]}}],"collection":[{"href":"https:\/\/www.hobocountry.de\/be_cms\/wp-json\/wp\/v2\/pages"}],"about":[{"href":"https:\/\/www.hobocountry.de\/be_cms\/wp-json\/wp\/v2\/types\/page"}],"author":[{"embeddable":true,"href":"https:\/\/www.hobocountry.de\/be_cms\/wp-json\/wp\/v2\/users\/2"}],"replies":[{"embeddable":true,"href":"https:\/\/www.hobocountry.de\/be_cms\/wp-json\/wp\/v2\/comments?post=185"}],"version-history":[{"count":0,"href":"https:\/\/www.hobocountry.de\/be_cms\/wp-json\/wp\/v2\/pages\/185\/revisions"}],"wp:attachment":[{"href":"https:\/\/www.hobocountry.de\/be_cms\/wp-json\/wp\/v2\/media?parent=185"}],"curies":[{"name":"wp","href":"https:\/\/api.w.org\/{rel}","templated":true}]}}