{"id":161,"date":"2016-09-28T09:18:49","date_gmt":"2016-09-28T07:18:49","guid":{"rendered":"http:\/\/www.holzweiler-city.de\/cms_be\/?page_id=161"},"modified":"2016-10-05T21:07:31","modified_gmt":"2016-10-05T19:07:31","slug":"fotos-2006","status":"publish","type":"page","link":"https:\/\/www.hobocountry.de\/be_cms\/fotos-2006\/","title":{"rendered":"Fotos 2006"},"content":{"rendered":"<p>Bilder aus 2006<\/p>\n<p>&nbsp;<\/p>\n<p>&nbsp;<\/p>\n<p>Black Eagles beim Westernfest im Br\u00fcckenkopf Park J\u00fclich (26. und 27.08.06)<br \/>\nngg_shortcode_0_placeholder<\/p>\n<p>&nbsp;<\/p>\n<p>Urauff\u00fchrung Demo 2006 (11.03.06)<br \/>\nngg_shortcode_1_placeholder<\/p>\n<p>&nbsp;<\/p>\n<p>8te Country Night (11.03.06)<br \/>\nngg_shortcode_2_placeholder<\/p>\n<p>&nbsp;<\/p>\n<p>Aufbau f\u00fcr die Country Night (10.03.06)<br \/>\nngg_shortcode_3_placeholder<\/p>\n<p style=\"text-align: right;\"><a href=\"#header\">Top<\/a><\/p>\n","protected":false},"excerpt":{"rendered":"<p>Bilder aus 2006 &nbsp; &nbsp; Black Eagles beim Westernfest im Br\u00fcckenkopf Park J\u00fclich (26. und 27.08.06) &nbsp; Urauff\u00fchrung Demo 2006 (11.03.06) &nbsp; 8te Country Night (11.03.06) &nbsp; Aufbau f\u00fcr die Country Night (10.03.06) Top<\/p>\n <a class=\"more-link\" href=\"https:\/\/www.hobocountry.de\/be_cms\/fotos-2006\/\"><span class=\"more-msg\">Weiterlesen &rarr;<\/span><\/a>","protected":false},"author":2,"featured_media":0,"parent":0,"menu_order":0,"comment_status":"closed","ping_status":"closed","template":"","meta":{"ngg_post_thumbnail":0,"footnotes":""},"class_list":["post-161","page","type-page","status-publish","hentry"],"_links":{"self":[{"href":"https:\/\/www.hobocountry.de\/be_cms\/wp-json\/wp\/v2\/pages\/161","targetHints":{"allow":["GET"]}}],"collection":[{"href":"https:\/\/www.hobocountry.de\/be_cms\/wp-json\/wp\/v2\/pages"}],"about":[{"href":"https:\/\/www.hobocountry.de\/be_cms\/wp-json\/wp\/v2\/types\/page"}],"author":[{"embeddable":true,"href":"https:\/\/www.hobocountry.de\/be_cms\/wp-json\/wp\/v2\/users\/2"}],"replies":[{"embeddable":true,"href":"https:\/\/www.hobocountry.de\/be_cms\/wp-json\/wp\/v2\/comments?post=161"}],"version-history":[{"count":0,"href":"https:\/\/www.hobocountry.de\/be_cms\/wp-json\/wp\/v2\/pages\/161\/revisions"}],"wp:attachment":[{"href":"https:\/\/www.hobocountry.de\/be_cms\/wp-json\/wp\/v2\/media?parent=161"}],"curies":[{"name":"wp","href":"https:\/\/api.w.org\/{rel}","templated":true}]}}