{"id":155,"date":"2016-09-27T21:22:28","date_gmt":"2016-09-27T19:22:28","guid":{"rendered":"http:\/\/www.holzweiler-city.de\/cms_be\/?page_id=155"},"modified":"2019-07-28T21:12:54","modified_gmt":"2019-07-28T19:12:54","slug":"presse","status":"publish","type":"page","link":"https:\/\/www.hobocountry.de\/be_cms\/presse\/","title":{"rendered":"Presse"},"content":{"rendered":"<p>&nbsp;<\/p>\n<h1>Black Eagles &#8211; in der Presse<\/h1>\n<h6>Stand: 28<!--DATE-->.07.2019<!--\/DATE--><\/h6>\n<p>&nbsp;<\/p>\n<p>Gesammelt seit 2002<\/p>\n<h1>2019<\/h1>\n<p>Nach vielen Jahren wieder mal was in der Presse:<br \/>\n<a href=\"..\/old_website\/presse\/20190725_Curata-Seniorenresidenz-Binsfeld_Sommerfest\" target=\"_blank\" rel=\"noopener noreferrer\"><img loading=\"lazy\" decoding=\"async\" src=\"..\/old_website\/presse\/20190725_Curata-Seniorenresidenz-Binsfeld_Sommerfests\" alt=\"Sommerfest Binsfeld\" width=\"150\" height=\"348\" border=\"0\" \/><\/a><br \/>\nArtikel zur Verf\u00fcgung gestellt von der Curata Seniorenresidenz Binsfeld . . .<\/p>\n<p><a href=\"..\/old_website\/presse\/20190326_DN-Nachrichten_21te-BECN\" target=\"_blank\" rel=\"noopener noreferrer\"><img loading=\"lazy\" decoding=\"async\" src=\"..\/old_website\/presse\/20190326_DN-Nachrichten_21te-BECN_small\" alt=\"Aachener (D\u00fcrener) Nachrichten\" width=\"150\" height=\"348\" border=\"0\" \/><\/a><br \/>\nArtikel (26.03) aus den D\u00fcrener Nachrichten \u00fcber die 21te Black Eagles Country Music und Linedance Night . . .<\/p>\n<p><a href=\"..\/old_website\/presse\/20190309_hm_an-dn.jpg\" target=\"_blank\" rel=\"noopener noreferrer\"><img loading=\"lazy\" decoding=\"async\" src=\"..\/old_website\/presse\/20190309_hm_an-dn.jpg\" alt=\"Aachener (D\u00fcrener) Nachrichten\" width=\"200\" height=\"166\" border=\"0\" \/><\/a><br \/>\nArtikel (09.03) aus den D\u00fcrener Nachrichten \u00fcber unsere Helga, ihrem Hobby und mehr . . .<\/p>\n<h1>2013<\/h1>\n<p><a href=\"..\/old_website\/presse\/20130902_pp.jpg\" target=\"_blank\" rel=\"noopener noreferrer\"><img loading=\"lazy\" decoding=\"async\" src=\"..\/old_website\/presse\/20130902_pps.jpg\" alt=\"Premium Post\" width=\"200\" height=\"166\" border=\"0\" \/><\/a><br \/>\nArtikel \u00fcber unsere Steffi und Linedance aus der Mitarbeiterzeitschrift der Post AG, Niederlassung Brief K\u00f6ln West<\/p>\n<h1>2012<\/h1>\n<p><a href=\"..\/old_website\/presse\/20120826_SuperSonntag_BKP.jpg\" target=\"_blank\" rel=\"noopener noreferrer\"><img loading=\"lazy\" decoding=\"async\" src=\"..\/old_website\/presse\/20120826_SuperSonntag_BKP.jpg\" alt=\"Super Sonntag\" width=\"200\" height=\"207\" border=\"0\" \/><\/a><br \/>\nVorbericht (26.08) im Super Sonntag zur Veranstaltung 40 Jahre Kreis D\u00fcren im Br\u00fcckenkopf-Park J\u00fclich<\/p>\n<h1>2011<\/h1>\n<p><a href=\"..\/old_website\/presse\/20110902juelicherzeitung.jpg\" target=\"_blank\" rel=\"noopener noreferrer\"><img loading=\"lazy\" decoding=\"async\" src=\"..\/old_website\/presse\/20110902juelicherzeitungs.jpg\" alt=\"J\u00fclicher Zeitung\" width=\"103\" height=\"200\" border=\"0\" \/><\/a><br \/>\nBericht (02.09) der J\u00fclicher Zeitung zum Country- und Linedancenachmittag im Br\u00fcckenkopf-Park J\u00fclich<\/p>\n<p><a href=\"..\/old_website\/presse\/20110828supersonntag.jpg\" target=\"_blank\" rel=\"noopener noreferrer\"><img loading=\"lazy\" decoding=\"async\" src=\"..\/old_website\/presse\/20110828supersonntags.jpg\" alt=\"Super Sonntag\" width=\"200\" height=\"210\" border=\"0\" \/><\/a><br \/>\nArtikel (28.08) aus dem Super Sonntag zum Country- und Linedancenachmittag im Br\u00fcckenkopf-Park J\u00fclich.<\/p>\n<p><a href=\"..\/old_website\/presse\/20110806juelicherzeitung.jpg\" target=\"_blank\" rel=\"noopener noreferrer\"><img loading=\"lazy\" decoding=\"async\" src=\"..\/old_website\/presse\/20110806jzs.jpg\" alt=\"J\u00fclicher Zeitung\" width=\"200\" height=\"110\" border=\"0\" \/><\/a><br \/>\nArtikel (06.08) aus der J\u00fclicher Zeitung zum kommenden Country- und Linedancenachmittag im Br\u00fcckenkopf-Park J\u00fclich.<\/p>\n<p><a href=\"..\/old_website\/presse\/20110402dz.jpg\" target=\"_blank\" rel=\"noopener noreferrer\"><img loading=\"lazy\" decoding=\"async\" src=\"..\/old_website\/presse\/20110402dzS.jpg\" alt=\"D\u00fcrener Zeitung\" width=\"200\" height=\"110\" border=\"0\" \/><\/a><br \/>\nBericht der D\u00fcrener Zeitung vom 02.04.2011<\/p>\n<p>&nbsp;<\/p>\n<h1>2009<\/h1>\n<p><a href=\"..\/old_website\/presse\/20090318duerenerzeitung.jpg\" target=\"_blank\" rel=\"noopener noreferrer\"><img loading=\"lazy\" decoding=\"async\" src=\"..\/old_website\/presse\/20090318duerenerzeitung_s.jpg\" alt=\"D\u00fcrener Zeitung\" width=\"108\" height=\"200\" border=\"0\" \/><\/a><br \/>\nBericht der D\u00fcrener Zeitung vom 18.03.2009<\/p>\n<p>&nbsp;<\/p>\n<h1>2008<\/h1>\n<p><a href=\"..\/old_website\/presse\/20080820juelicherwoche.jpg\" target=\"_blank\" rel=\"noopener noreferrer\"><img loading=\"lazy\" decoding=\"async\" src=\"..\/old_website\/presse\/20080820.jpg\" alt=\"\" width=\"125\" height=\"93\" border=\"0\" \/><\/a><br \/>\nAnzeige in der J\u00fclicher Woche am 20.08.08<\/p>\n<p>&nbsp;<\/p>\n<p><a href=\"..\/old_website\/presse\/20080817supersonntag_beilage.jpg\" target=\"_blank\" rel=\"noopener noreferrer\"><img loading=\"lazy\" decoding=\"async\" src=\"..\/old_website\/presse\/20080817.jpg\" alt=\"\" width=\"125\" height=\"79\" border=\"0\" \/><\/a><br \/>\nEinweihung der Seeb\u00fchne am Blaustein-See; Beilage aus dem J\u00fclicher<br \/>\nSupersonntag vom 17.08.08<\/p>\n<p>&nbsp;<\/p>\n<p><a href=\"..\/old_website\/presse\/20080815juelicherzeitung.jpg\" target=\"_blank\" rel=\"noopener noreferrer\"><img loading=\"lazy\" decoding=\"async\" src=\"..\/old_website\/presse\/20080815.jpg\" alt=\"\" width=\"125\" height=\"82\" border=\"0\" \/><\/a><br \/>\nBullenreiten und Westernmusik. Artikel der J\u00fclicher Zeitung am<br \/>\n15.08.08<\/p>\n<p>&nbsp;<\/p>\n<p><a href=\"..\/old_website\/presse\/20080318_dz.jpg\" target=\"_blank\" rel=\"noopener noreferrer\"><img loading=\"lazy\" decoding=\"async\" src=\"..\/old_website\/presse\/20080318.jpg\" alt=\"\" width=\"125\" height=\"82\" border=\"0\" \/><\/a><br \/>\nT\u00e4nzerisch und optisch ein Hingucker. Artikel in der D\u00fcrener<br \/>\nZeitung vom 18.03.08<\/p>\n<p>&nbsp;<\/p>\n<h1>2007<\/h1>\n<p><a href=\"..\/old_website\/presse\/20070305dz_be.jpg\" target=\"_blank\" rel=\"noopener noreferrer\"><img loading=\"lazy\" decoding=\"async\" src=\"..\/old_website\/presse\/20070305.jpg\" alt=\"\" width=\"68\" height=\"125\" border=\"0\" \/><\/a><br \/>\n18 Tanzpaare wirbeln. Artikel der D\u00fcrener Zeitung am 05.03.07<\/p>\n<p>&nbsp;<\/p>\n<h1>2006<\/h1>\n<p><a href=\"..\/old_website\/presse\/20060828juelich.jpg\" target=\"_blank\" rel=\"noopener noreferrer\"><img loading=\"lazy\" decoding=\"async\" src=\"..\/old_website\/presse\/20060828.jpg\" alt=\"\" width=\"125\" height=\"81\" border=\"0\" \/><\/a><br \/>\nBeim Wildwest-Fest auf Regent\u00e4nze verzichtet. Artikel aus der<br \/>\nJ\u00fclicher Zeitung am 28.08.06<\/p>\n<p>&nbsp;<\/p>\n<h1>2005<\/h1>\n<p><a href=\"..\/old_website\/presse\/20050730dz.jpg\" target=\"_blank\" rel=\"noopener noreferrer\"><img loading=\"lazy\" decoding=\"async\" src=\"..\/old_website\/presse\/20050730dzs.jpg\" alt=\"\" width=\"163\" height=\"150\" border=\"0\" \/><\/a><br \/>\nWerbung f\u00fcr unseren Auftritt im Annazelt (Annakirmes). Artikel in der D\u00fcrener Zeitung am 30.07.05<\/p>\n<p>&nbsp;<\/p>\n<p><a href=\"..\/old_website\/presse\/20050611westernfest.jpg\" target=\"_blank\" rel=\"noopener noreferrer\"><img loading=\"lazy\" decoding=\"async\" src=\"..\/old_website\/presse\/20050611.jpg\" alt=\"\" width=\"113\" height=\"125\" border=\"0\" \/><\/a><br \/>\nWesternfest im Br\u00fcckenkopf Park. J\u00fclich Magazin 29.05.05<\/p>\n<p>&nbsp;<\/p>\n<p><a href=\"..\/old_website\/presse\/20050607_bbb_jz.jpg\" target=\"_blank\" rel=\"noopener noreferrer\"><img loading=\"lazy\" decoding=\"async\" src=\"..\/old_website\/presse\/20050607.jpg\" alt=\"\" width=\"125\" height=\"122\" border=\"0\" \/><\/a><br \/>\nBackwaren Bier und Bienen. Artikel in der J\u00fclicher Zeitung am<br \/>\n07.06.05<\/p>\n<p>&nbsp;<\/p>\n<p><a href=\"..\/old_website\/presse\/20050315becn.jpg\" target=\"_blank\" rel=\"noopener noreferrer\"><img loading=\"lazy\" decoding=\"async\" src=\"..\/old_website\/presse\/20050315.jpg\" alt=\"\" width=\"125\" height=\"103\" border=\"0\" \/><\/a><br \/>\nCountrynacht der Black Eagles bot alles f\u00fcr&#8217;s Westernherz. Artikel in den<br \/>\nD\u00fcrener Nachrichten am 15.03.05<\/p>\n<p>&nbsp;<\/p>\n<p><a href=\"..\/old_website\/presse\/20050308dn-zeitung.jpg\" target=\"_blank\" rel=\"noopener noreferrer\"><img loading=\"lazy\" decoding=\"async\" src=\"..\/old_website\/presse\/20050308dz.jpg\" alt=\"\" width=\"61\" height=\"125\" border=\"0\" \/><\/a><br \/>\nCountrymusik und Westerntanz im Schloss Artikel in der D\u00fcrener Zeitung am<br \/>\n08.03.05<\/p>\n<p>&nbsp;<\/p>\n<p><a href=\"..\/old_website\/presse\/20050308dn-nachrichten.jpg\" target=\"_blank\" rel=\"noopener noreferrer\"><img loading=\"lazy\" decoding=\"async\" src=\"..\/old_website\/presse\/20050308dn.jpg\" alt=\"\" width=\"125\" height=\"115\" border=\"0\" \/><\/a><br \/>\nCountry-Nacht mit Tanz im Winkelsaal. Artikel in den D\u00fcrener Nachrichten<br \/>\nam 08.03.05<\/p>\n<p>&nbsp;<\/p>\n<h1>2003<\/h1>\n<p><a href=\"..\/old_website\/presse\/20030906_juelicher_nachrichten.jpg\" target=\"_blank\" rel=\"noopener noreferrer\"><img loading=\"lazy\" decoding=\"async\" src=\"..\/old_website\/presse\/20030906.jpg\" alt=\"\" width=\"125\" height=\"115\" border=\"0\" \/><\/a><br \/>\nMusik und Tanz erfreute beim Sommerfest der Tiersch\u00fctzer. Artikel in den<br \/>\nJ\u00fclicher Nachrichten am 06.09.03<\/p>\n<p>&nbsp;<\/p>\n<p><a href=\"..\/old_website\/presse\/20030830_juelicher_zeitung.jpg\" target=\"_blank\" rel=\"noopener noreferrer\"><img loading=\"lazy\" decoding=\"async\" src=\"..\/old_website\/presse\/20030830.jpg\" alt=\"\" width=\"97\" height=\"125\" border=\"0\" \/><\/a><br \/>\nBlack Eagles bei den Tiersch\u00fctzern. Artikel in der J\u00fclicher Zeitung<br \/>\nam 30.08.03<\/p>\n<p>&nbsp;<\/p>\n<h1>2002<\/h1>\n<p><a href=\"..\/old_website\/presse\/20020806_juelicher_nachrichten.jpg\" target=\"_blank\" rel=\"noopener noreferrer\"><img loading=\"lazy\" decoding=\"async\" src=\"..\/old_website\/presse\/20020806.jpg\" alt=\"\" width=\"125\" height=\"98\" border=\"0\" \/><\/a><br \/>\nTanz mit schwarzen Adlern. Artikel in den J\u00fclicher Nachrichten am<br \/>\n06.08.02<\/p>\n","protected":false},"excerpt":{"rendered":"<p>&nbsp; Black Eagles &#8211; in der Presse Stand: 28.07.2019 &nbsp; Gesammelt seit 2002 2019 Nach vielen Jahren wieder mal was in der Presse: Artikel zur Verf\u00fcgung gestellt von der Curata Seniorenresidenz Binsfeld . . . Artikel (26.03) aus den D\u00fcrener <span class=\"excerpt-dots\">&hellip;<\/span> <a class=\"more-link\" href=\"https:\/\/www.hobocountry.de\/be_cms\/presse\/\"><span class=\"more-msg\">Weiterlesen &rarr;<\/span><\/a><\/p>\n","protected":false},"author":2,"featured_media":0,"parent":0,"menu_order":0,"comment_status":"closed","ping_status":"closed","template":"","meta":{"ngg_post_thumbnail":0,"footnotes":""},"class_list":["post-155","page","type-page","status-publish","hentry"],"_links":{"self":[{"href":"https:\/\/www.hobocountry.de\/be_cms\/wp-json\/wp\/v2\/pages\/155","targetHints":{"allow":["GET"]}}],"collection":[{"href":"https:\/\/www.hobocountry.de\/be_cms\/wp-json\/wp\/v2\/pages"}],"about":[{"href":"https:\/\/www.hobocountry.de\/be_cms\/wp-json\/wp\/v2\/types\/page"}],"author":[{"embeddable":true,"href":"https:\/\/www.hobocountry.de\/be_cms\/wp-json\/wp\/v2\/users\/2"}],"replies":[{"embeddable":true,"href":"https:\/\/www.hobocountry.de\/be_cms\/wp-json\/wp\/v2\/comments?post=155"}],"version-history":[{"count":0,"href":"https:\/\/www.hobocountry.de\/be_cms\/wp-json\/wp\/v2\/pages\/155\/revisions"}],"wp:attachment":[{"href":"https:\/\/www.hobocountry.de\/be_cms\/wp-json\/wp\/v2\/media?parent=155"}],"curies":[{"name":"wp","href":"https:\/\/api.w.org\/{rel}","templated":true}]}}