{"id":141,"date":"2016-09-27T21:03:45","date_gmt":"2016-09-27T19:03:45","guid":{"rendered":"http:\/\/www.holzweiler-city.de\/cms_be\/?page_id=141"},"modified":"2016-10-05T21:04:07","modified_gmt":"2016-10-05T19:04:07","slug":"fotos-2005","status":"publish","type":"page","link":"https:\/\/www.hobocountry.de\/be_cms\/fotos-2005\/","title":{"rendered":"Fotos 2005"},"content":{"rendered":"<p>Bilder aus 2005<\/p>\n<p>&nbsp;<\/p>\n<p>Grillen in Belgien (27.08.05)<br \/>\nngg_shortcode_0_placeholder<\/p>\n<p>&nbsp;<\/p>\n<p>Trainingsfreier Sonntag &#8211; auf zu McM\u00fcllers (03.07.05)<br \/>\nngg_shortcode_1_placeholder<\/p>\n<p>&nbsp;<\/p>\n<p>Country Night am 12. M\u00e4rz<br \/>\nngg_shortcode_2_placeholder<\/p>\n<p>&nbsp;<\/p>\n<p>Equitana Essen &#8211; mit freundlicher Genehmigung von R. Matthi\u00e4 (05.03.05)<br \/>\nngg_shortcode_3_placeholder<\/p>\n<p>&nbsp;<\/p>\n<p>Equitana Essen &#8211; Hop Top Musical (05.03.05)<br \/>\nngg_shortcode_4_placeholder<\/p>\n<p>&nbsp;<\/p>\n<p>Equitana Essen (26.02 &#8211; 06.03.05)<br \/>\nngg_shortcode_5_placeholder<\/p>\n<p>&nbsp;<\/p>\n<p>Trainingsnachmittag im J\u00e4gerheim, D\u00fcrboslar (13.02.05)<br \/>\nngg_shortcode_6_placeholder<\/p>\n<p style=\"text-align: right;\"><a href=\"#header\">Top<\/a><\/p>\n","protected":false},"excerpt":{"rendered":"<p>Bilder aus 2005 &nbsp; Grillen in Belgien (27.08.05) &nbsp; Trainingsfreier Sonntag &#8211; auf zu McM\u00fcllers (03.07.05) &nbsp; Country Night am 12. M\u00e4rz &nbsp; Equitana Essen &#8211; mit freundlicher Genehmigung von R. Matthi\u00e4 (05.03.05) &nbsp; Equitana Essen &#8211; Hop Top Musical <span class=\"excerpt-dots\">&hellip;<\/span> <a class=\"more-link\" href=\"https:\/\/www.hobocountry.de\/be_cms\/fotos-2005\/\"><span class=\"more-msg\">Weiterlesen &rarr;<\/span><\/a><\/p>\n","protected":false},"author":2,"featured_media":0,"parent":0,"menu_order":0,"comment_status":"closed","ping_status":"closed","template":"","meta":{"ngg_post_thumbnail":0,"footnotes":""},"class_list":["post-141","page","type-page","status-publish","hentry"],"_links":{"self":[{"href":"https:\/\/www.hobocountry.de\/be_cms\/wp-json\/wp\/v2\/pages\/141","targetHints":{"allow":["GET"]}}],"collection":[{"href":"https:\/\/www.hobocountry.de\/be_cms\/wp-json\/wp\/v2\/pages"}],"about":[{"href":"https:\/\/www.hobocountry.de\/be_cms\/wp-json\/wp\/v2\/types\/page"}],"author":[{"embeddable":true,"href":"https:\/\/www.hobocountry.de\/be_cms\/wp-json\/wp\/v2\/users\/2"}],"replies":[{"embeddable":true,"href":"https:\/\/www.hobocountry.de\/be_cms\/wp-json\/wp\/v2\/comments?post=141"}],"version-history":[{"count":0,"href":"https:\/\/www.hobocountry.de\/be_cms\/wp-json\/wp\/v2\/pages\/141\/revisions"}],"wp:attachment":[{"href":"https:\/\/www.hobocountry.de\/be_cms\/wp-json\/wp\/v2\/media?parent=141"}],"curies":[{"name":"wp","href":"https:\/\/api.w.org\/{rel}","templated":true}]}}